{"id":112,"date":"2020-06-24T07:48:42","date_gmt":"2020-06-24T07:48:42","guid":{"rendered":"https:\/\/jupiterx.artbees.net\/accountant\/?page_id=112"},"modified":"2025-09-09T22:01:18","modified_gmt":"2025-09-09T19:01:18","slug":"404-2","status":"publish","type":"page","link":"https:\/\/pertaraba.tr\/en\/404-2\/","title":{"rendered":"Hata Sayfas\u0131"},"content":{"rendered":"<div data-elementor-type=\"wp-page\" data-elementor-id=\"112\" class=\"elementor elementor-112\">\n\t\t\t\t<div class=\"elementor-element elementor-element-368b56a e-flex e-con-boxed e-con e-parent\" data-id=\"368b56a\" data-element_type=\"container\" data-settings=\"{&quot;jet_parallax_layout_list&quot;:[]}\">\n\t\t\t\t\t<div class=\"e-con-inner\">\n\t\t\t\t<div class=\"elementor-element elementor-element-d6b1948 elementor-widget elementor-widget-image\" data-id=\"d6b1948\" data-element_type=\"widget\" data-widget_type=\"image.default\">\n\t\t\t\t\t\t\t\t\t\t\t\t\t\t\t<img fetchpriority=\"high\" decoding=\"async\" width=\"1024\" height=\"347\" src=\"https:\/\/pertaraba.tr\/wp-content\/uploads\/2020\/06\/404-bg-01-1024x347.png\" class=\"attachment-large size-large wp-image-5\" alt=\"\" srcset=\"https:\/\/pertaraba.tr\/wp-content\/uploads\/2020\/06\/404-bg-01-1024x347.png 1024w, https:\/\/pertaraba.tr\/wp-content\/uploads\/2020\/06\/404-bg-01-300x102.png 300w, https:\/\/pertaraba.tr\/wp-content\/uploads\/2020\/06\/404-bg-01-768x260.png 768w, https:\/\/pertaraba.tr\/wp-content\/uploads\/2020\/06\/404-bg-01-18x6.png 18w, https:\/\/pertaraba.tr\/wp-content\/uploads\/2020\/06\/404-bg-01.png 1105w\" sizes=\"(max-width: 1024px) 100vw, 1024px\" \/>\t\t\t\t\t\t\t\t\t\t\t\t\t\t\t<\/div>\n\t\t\t\t<div class=\"elementor-element elementor-element-62c7005 elementor-align-center elementor-widget elementor-widget-raven-button\" data-id=\"62c7005\" data-element_type=\"widget\" data-settings=\"{&quot;turn_to_popup_action_button&quot;:&quot;no&quot;}\" data-widget_type=\"raven-button.default\">\n\t\t\t\t<div class=\"elementor-widget-container\">\n\t\t\t\t\t\t\t<div class=\"raven-widget-wrapper\">\r\n\t\t\t<a class=\"raven-button raven-button-widget-normal-effect-shine elementor-button raven-button-text-align-center raven-button-link elementor-animation-grow\" href=\"https:\/\/pertaraba.tr\/en\/\">\t\t\t\t<div class=\"raven-button-overlay\" ><\/div>\r\n\t\t\t\t<span class=\"raven-button-content\">\r\n\t\t\t\t\t\r\n\t\t\t\t\t<div class=\"button-text-container\">\r\n\t\t\t\t\t\t\t\t\t\t\t\t<div class=\"raven-button-texts-wrapper\">\r\n\t\t\t\t\t\t\t<div class=\"button-text\">\r\n\t\t\t\t\t\t\t\t<span class=\"raven-button-text\">\r\n\t\t\t\t\t\t\t\t\tHome Page\t\t\t\t\t\t\t\t<\/span>\r\n\t\t\t\t\t\t\t<\/div>\r\n\t\t\t\t\t\t\t\t\t\t\t\t\t<\/div>\r\n\t\t\t\t\t\t\t\t\t\t\t<\/div>\r\n\t\t\t\t\t\r\n\t\t\t\t\t\t\t\t\t<\/span>\r\n\t\t\t<\/a>\t\t<\/div>\r\n\t\t\t\t\t\t<\/div>\n\t\t\t\t<\/div>\n\t\t\t\t\t<\/div>\n\t\t\t\t<\/div>\n\t\t\t\t<\/div>","protected":false},"excerpt":{"rendered":"<p>Home Page<\/p>","protected":false},"author":1,"featured_media":634,"parent":0,"menu_order":0,"comment_status":"closed","ping_status":"closed","template":"elementor_header_footer","meta":{"_acf_changed":false,"footnotes":""},"class_list":["post-112","page","type-page","status-publish","has-post-thumbnail","hentry"],"acf":[],"yoast_head":"<!-- This site is optimized with the Yoast SEO plugin v25.6 - https:\/\/yoast.com\/wordpress\/plugins\/seo\/ -->\n<title>Pert, A\u011f\u0131r Hasarl\u0131 ve Kazal\u0131 Ara\u00e7 Al\u0131m Sat\u0131m<\/title>\n<meta name=\"description\" content=\"Pert, a\u011f\u0131r hasarl\u0131, kazal\u0131 ve sa\u011flam ara\u00e7 al\u0131m sat\u0131m\u0131. Uzman ekspertiz, \u015feffaf fiyat ve g\u00fcvenli sat\u0131\u015f garantisiyle arac\u0131n\u0131z\u0131 h\u0131zl\u0131ca sat\u0131n veya sat\u0131n!\" \/>\n<meta name=\"robots\" content=\"index, follow, max-snippet:-1, max-image-preview:large, max-video-preview:-1\" \/>\n<link rel=\"canonical\" href=\"https:\/\/pertaraba.tr\/en\/404-2\/\" \/>\n<meta property=\"og:locale\" content=\"en_US\" \/>\n<meta property=\"og:type\" content=\"article\" \/>\n<meta property=\"og:title\" content=\"Pert, A\u011f\u0131r Hasarl\u0131 ve Kazal\u0131 Ara\u00e7 Al\u0131m Sat\u0131m\" \/>\n<meta property=\"og:description\" content=\"Pert, a\u011f\u0131r hasarl\u0131, kazal\u0131 ve sa\u011flam ara\u00e7 al\u0131m sat\u0131m\u0131. Uzman ekspertiz, \u015feffaf fiyat ve g\u00fcvenli sat\u0131\u015f garantisiyle arac\u0131n\u0131z\u0131 h\u0131zl\u0131ca sat\u0131n veya sat\u0131n!\" \/>\n<meta property=\"og:url\" content=\"https:\/\/pertaraba.tr\/en\/404-2\/\" \/>\n<meta property=\"og:site_name\" content=\"Pert &amp; Hasarl\u0131 Ara\u00e7 Al\u0131m Sat\u0131m Platformu\" \/>\n<meta property=\"article:modified_time\" content=\"2025-09-09T19:01:18+00:00\" \/>\n<meta property=\"og:image\" content=\"https:\/\/pertaraba.tr\/wp-content\/uploads\/2025\/09\/cropped-Hasarli-Arac-Alim-Satim-favicon.png\" \/>\n\t<meta property=\"og:image:width\" content=\"512\" \/>\n\t<meta property=\"og:image:height\" content=\"512\" \/>\n\t<meta property=\"og:image:type\" content=\"image\/png\" \/>\n<meta name=\"twitter:card\" content=\"summary_large_image\" \/>\n<meta name=\"twitter:label1\" content=\"Est. reading time\" \/>\n\t<meta name=\"twitter:data1\" content=\"1 minute\" \/>\n<script type=\"application\/ld+json\" class=\"yoast-schema-graph\">{\"@context\":\"https:\/\/schema.org\",\"@graph\":[{\"@type\":\"WebPage\",\"@id\":\"https:\/\/pertaraba.tr\/404-2\/\",\"url\":\"https:\/\/pertaraba.tr\/404-2\/\",\"name\":\"Pert, A\u011f\u0131r Hasarl\u0131 ve Kazal\u0131 Ara\u00e7 Al\u0131m Sat\u0131m\",\"isPartOf\":{\"@id\":\"https:\/\/pertaraba.tr\/#website\"},\"primaryImageOfPage\":{\"@id\":\"https:\/\/pertaraba.tr\/404-2\/#primaryimage\"},\"image\":{\"@id\":\"https:\/\/pertaraba.tr\/404-2\/#primaryimage\"},\"thumbnailUrl\":\"https:\/\/pertaraba.tr\/wp-content\/uploads\/2025\/09\/cropped-Hasarli-Arac-Alim-Satim-favicon.png\",\"datePublished\":\"2020-06-24T07:48:42+00:00\",\"dateModified\":\"2025-09-09T19:01:18+00:00\",\"description\":\"Pert, a\u011f\u0131r hasarl\u0131, kazal\u0131 ve sa\u011flam ara\u00e7 al\u0131m sat\u0131m\u0131. Uzman ekspertiz, \u015feffaf fiyat ve g\u00fcvenli sat\u0131\u015f garantisiyle arac\u0131n\u0131z\u0131 h\u0131zl\u0131ca sat\u0131n veya sat\u0131n!\",\"breadcrumb\":{\"@id\":\"https:\/\/pertaraba.tr\/404-2\/#breadcrumb\"},\"inLanguage\":\"en-US\",\"potentialAction\":[{\"@type\":\"ReadAction\",\"target\":[\"https:\/\/pertaraba.tr\/404-2\/\"]}]},{\"@type\":\"ImageObject\",\"inLanguage\":\"en-US\",\"@id\":\"https:\/\/pertaraba.tr\/404-2\/#primaryimage\",\"url\":\"https:\/\/pertaraba.tr\/wp-content\/uploads\/2025\/09\/cropped-Hasarli-Arac-Alim-Satim-favicon.png\",\"contentUrl\":\"https:\/\/pertaraba.tr\/wp-content\/uploads\/2025\/09\/cropped-Hasarli-Arac-Alim-Satim-favicon.png\",\"width\":512,\"height\":512},{\"@type\":\"BreadcrumbList\",\"@id\":\"https:\/\/pertaraba.tr\/404-2\/#breadcrumb\",\"itemListElement\":[{\"@type\":\"ListItem\",\"position\":1,\"name\":\"Anasayfa\",\"item\":\"https:\/\/pertaraba.tr\/\"},{\"@type\":\"ListItem\",\"position\":2,\"name\":\"Hata Sayfas\u0131\"}]},{\"@type\":\"WebSite\",\"@id\":\"https:\/\/pertaraba.tr\/#website\",\"url\":\"https:\/\/pertaraba.tr\/\",\"name\":\"Pert &amp; Hasarl\u0131 Ara\u00e7 Al\u0131m Sat\u0131m Platformu\",\"description\":\"A\u011f\u0131r hasarl\u0131 ara\u00e7 al\u0131m sat\u0131m\u0131nda uzman ekip.\",\"potentialAction\":[{\"@type\":\"SearchAction\",\"target\":{\"@type\":\"EntryPoint\",\"urlTemplate\":\"https:\/\/pertaraba.tr\/?s={search_term_string}\"},\"query-input\":{\"@type\":\"PropertyValueSpecification\",\"valueRequired\":true,\"valueName\":\"search_term_string\"}}],\"inLanguage\":\"en-US\"}]}<\/script>\n<!-- \/ Yoast SEO plugin. -->","yoast_head_json":{"title":"Pert, A\u011f\u0131r Hasarl\u0131 ve Kazal\u0131 Ara\u00e7 Al\u0131m Sat\u0131m","description":"Pert, a\u011f\u0131r hasarl\u0131, kazal\u0131 ve sa\u011flam ara\u00e7 al\u0131m sat\u0131m\u0131. Uzman ekspertiz, \u015feffaf fiyat ve g\u00fcvenli sat\u0131\u015f garantisiyle arac\u0131n\u0131z\u0131 h\u0131zl\u0131ca sat\u0131n veya sat\u0131n!","robots":{"index":"index","follow":"follow","max-snippet":"max-snippet:-1","max-image-preview":"max-image-preview:large","max-video-preview":"max-video-preview:-1"},"canonical":"https:\/\/pertaraba.tr\/en\/404-2\/","og_locale":"en_US","og_type":"article","og_title":"Pert, A\u011f\u0131r Hasarl\u0131 ve Kazal\u0131 Ara\u00e7 Al\u0131m Sat\u0131m","og_description":"Pert, a\u011f\u0131r hasarl\u0131, kazal\u0131 ve sa\u011flam ara\u00e7 al\u0131m sat\u0131m\u0131. Uzman ekspertiz, \u015feffaf fiyat ve g\u00fcvenli sat\u0131\u015f garantisiyle arac\u0131n\u0131z\u0131 h\u0131zl\u0131ca sat\u0131n veya sat\u0131n!","og_url":"https:\/\/pertaraba.tr\/en\/404-2\/","og_site_name":"Pert &amp; Hasarl\u0131 Ara\u00e7 Al\u0131m Sat\u0131m Platformu","article_modified_time":"2025-09-09T19:01:18+00:00","og_image":[{"width":512,"height":512,"url":"https:\/\/pertaraba.tr\/wp-content\/uploads\/2025\/09\/cropped-Hasarli-Arac-Alim-Satim-favicon.png","type":"image\/png"}],"twitter_card":"summary_large_image","twitter_misc":{"Est. reading time":"1 minute"},"schema":{"@context":"https:\/\/schema.org","@graph":[{"@type":"WebPage","@id":"https:\/\/pertaraba.tr\/404-2\/","url":"https:\/\/pertaraba.tr\/404-2\/","name":"Pert, A\u011f\u0131r Hasarl\u0131 ve Kazal\u0131 Ara\u00e7 Al\u0131m Sat\u0131m","isPartOf":{"@id":"https:\/\/pertaraba.tr\/#website"},"primaryImageOfPage":{"@id":"https:\/\/pertaraba.tr\/404-2\/#primaryimage"},"image":{"@id":"https:\/\/pertaraba.tr\/404-2\/#primaryimage"},"thumbnailUrl":"https:\/\/pertaraba.tr\/wp-content\/uploads\/2025\/09\/cropped-Hasarli-Arac-Alim-Satim-favicon.png","datePublished":"2020-06-24T07:48:42+00:00","dateModified":"2025-09-09T19:01:18+00:00","description":"Pert, a\u011f\u0131r hasarl\u0131, kazal\u0131 ve sa\u011flam ara\u00e7 al\u0131m sat\u0131m\u0131. Uzman ekspertiz, \u015feffaf fiyat ve g\u00fcvenli sat\u0131\u015f garantisiyle arac\u0131n\u0131z\u0131 h\u0131zl\u0131ca sat\u0131n veya sat\u0131n!","breadcrumb":{"@id":"https:\/\/pertaraba.tr\/404-2\/#breadcrumb"},"inLanguage":"en-US","potentialAction":[{"@type":"ReadAction","target":["https:\/\/pertaraba.tr\/404-2\/"]}]},{"@type":"ImageObject","inLanguage":"en-US","@id":"https:\/\/pertaraba.tr\/404-2\/#primaryimage","url":"https:\/\/pertaraba.tr\/wp-content\/uploads\/2025\/09\/cropped-Hasarli-Arac-Alim-Satim-favicon.png","contentUrl":"https:\/\/pertaraba.tr\/wp-content\/uploads\/2025\/09\/cropped-Hasarli-Arac-Alim-Satim-favicon.png","width":512,"height":512},{"@type":"BreadcrumbList","@id":"https:\/\/pertaraba.tr\/404-2\/#breadcrumb","itemListElement":[{"@type":"ListItem","position":1,"name":"Anasayfa","item":"https:\/\/pertaraba.tr\/"},{"@type":"ListItem","position":2,"name":"Hata Sayfas\u0131"}]},{"@type":"WebSite","@id":"https:\/\/pertaraba.tr\/#website","url":"https:\/\/pertaraba.tr\/","name":"Pert &amp; Hasarl\u0131 Ara\u00e7 Al\u0131m Sat\u0131m Platformu","description":"A\u011f\u0131r hasarl\u0131 ara\u00e7 al\u0131m sat\u0131m\u0131nda uzman ekip.","potentialAction":[{"@type":"SearchAction","target":{"@type":"EntryPoint","urlTemplate":"https:\/\/pertaraba.tr\/?s={search_term_string}"},"query-input":{"@type":"PropertyValueSpecification","valueRequired":true,"valueName":"search_term_string"}}],"inLanguage":"en-US"}]}},"_links":{"self":[{"href":"https:\/\/pertaraba.tr\/en\/wp-json\/wp\/v2\/pages\/112","targetHints":{"allow":["GET"]}}],"collection":[{"href":"https:\/\/pertaraba.tr\/en\/wp-json\/wp\/v2\/pages"}],"about":[{"href":"https:\/\/pertaraba.tr\/en\/wp-json\/wp\/v2\/types\/page"}],"author":[{"embeddable":true,"href":"https:\/\/pertaraba.tr\/en\/wp-json\/wp\/v2\/users\/1"}],"replies":[{"embeddable":true,"href":"https:\/\/pertaraba.tr\/en\/wp-json\/wp\/v2\/comments?post=112"}],"version-history":[{"count":14,"href":"https:\/\/pertaraba.tr\/en\/wp-json\/wp\/v2\/pages\/112\/revisions"}],"predecessor-version":[{"id":883,"href":"https:\/\/pertaraba.tr\/en\/wp-json\/wp\/v2\/pages\/112\/revisions\/883"}],"wp:featuredmedia":[{"embeddable":true,"href":"https:\/\/pertaraba.tr\/en\/wp-json\/wp\/v2\/media\/634"}],"wp:attachment":[{"href":"https:\/\/pertaraba.tr\/en\/wp-json\/wp\/v2\/media?parent=112"}],"curies":[{"name":"wp","href":"https:\/\/api.w.org\/{rel}","templated":true}]}}